{"id":32496,"date":"2026-03-25T17:08:46","date_gmt":"2026-03-25T17:08:46","guid":{"rendered":"https:\/\/zigzag.dog\/?page_id=32496"},"modified":"2026-04-27T09:55:48","modified_gmt":"2026-04-27T09:55:48","slug":"declaration-d-accessibilite","status":"publish","type":"page","link":"https:\/\/zigzag.dog\/fr\/declaration-d-accessibilite\/","title":{"rendered":"Declaration D&rsquo;Accessibilite"},"content":{"rendered":"\t\t<div data-elementor-type=\"wp-page\" data-elementor-id=\"32496\" class=\"elementor elementor-32496\" data-elementor-post-type=\"page\">\n\t\t\t\t\t\t<section class=\"elementor-section elementor-top-section elementor-element elementor-element-1046cba elementor-section-content-middle elementor-section-height-min-height mainintro-hero elementor-section-full_width elementor-section-height-default elementor-section-items-middle\" data-id=\"1046cba\" data-element_type=\"section\" data-e-type=\"section\" data-settings=\"{&quot;background_background&quot;:&quot;classic&quot;}\">\n\t\t\t\t\t\t<div class=\"elementor-container elementor-column-gap-wider\">\n\t\t\t\t\t<div class=\"elementor-column elementor-col-100 elementor-top-column elementor-element elementor-element-8c6c4c7\" data-id=\"8c6c4c7\" data-element_type=\"column\" data-e-type=\"column\" data-settings=\"{&quot;background_background&quot;:&quot;classic&quot;}\">\n\t\t\t<div class=\"elementor-widget-wrap elementor-element-populated\">\n\t\t\t\t\t\t<div class=\"elementor-element elementor-element-adef99d elementor-widget elementor-widget-heading\" data-id=\"adef99d\" data-element_type=\"widget\" data-e-type=\"widget\" data-widget_type=\"heading.default\">\n\t\t\t\t<div class=\"elementor-widget-container\">\n\t\t\t\t\t<h1 class=\"elementor-heading-title elementor-size-default\">D\u00e9claration d'accessibilit\u00e9 du site<br>www.zigzag.dog\/fr (ci-apr\u00e8s le \u00ab Site \u00bb)<\/h1>\t\t\t\t<\/div>\n\t\t\t\t<\/div>\n\t\t\t\t\t<\/div>\n\t\t<\/div>\n\t\t\t\t\t<\/div>\n\t\t<\/section>\n\t\t\t\t<section class=\"elementor-section elementor-top-section elementor-element elementor-element-39b1c12 elementor-section-boxed elementor-section-height-default elementor-section-height-default\" data-id=\"39b1c12\" data-element_type=\"section\" data-e-type=\"section\" data-settings=\"{&quot;background_background&quot;:&quot;gradient&quot;}\">\n\t\t\t\t\t\t<div class=\"elementor-container elementor-column-gap-default\">\n\t\t\t\t\t<div class=\"elementor-column elementor-col-100 elementor-top-column elementor-element elementor-element-d505ae0\" data-id=\"d505ae0\" data-element_type=\"column\" data-e-type=\"column\" data-settings=\"{&quot;background_background&quot;:&quot;classic&quot;}\">\n\t\t\t<div class=\"elementor-widget-wrap elementor-element-populated\">\n\t\t\t\t\t\t<div class=\"elementor-element elementor-element-2c1fe6a elementor-widget elementor-widget-wp-widget-custom_html\" data-id=\"2c1fe6a\" data-element_type=\"widget\" data-e-type=\"widget\" data-widget_type=\"wp-widget-custom_html.default\">\n\t\t\t\t<div class=\"elementor-widget-container\">\n\t\t\t\t\t<div class=\"textwidget custom-html-widget\"><p>La pr\u00e9sente d\u00e9claration d\u2019accessibilit\u00e9 est \u00e9tablie en application de la loi n\u00b02005-102 du 11 f\u00e9vrier 2005 modifi\u00e9e pour l\u2019\u00e9galit\u00e9 des droit et des chances, la participation et la citoyennet\u00e9 des personnes handicap\u00e9es ainsi que du D\u00e9cret n\u00b02019-768 du 24 juillet 2019 relatif \u00e0 l\u2019accessibilit\u00e9 aux personnes handicap\u00e9es des services de communication au public en ligne.  \r\n<\/p>\r\n\r\n<h3>Derni\u00e8re mise \u00e0 jour le 24 mars 2026<\/h3>\r\n<p>Nestl\u00e9 s'engage \u00e0 rendre le Site <a href=\"https:\/\/www.zigzag.dog\/fr\">www.zigzag.dog\/fr<\/a> accessible pour tous conform\u00e9ment \u00e0 la r\u00e8glementation en vigueur. Nous visons \u00e0 am\u00e9liorer continuellement l'exp\u00e9rience de chacun en appliquant les normes d'accessibilit\u00e9 pertinentes et en agissant sur les retours des utilisateurs.<\/p>\r\n<p>Nous avons pris en compte l'accessibilit\u00e9 dans le d\u00e9veloppement de ce Site en ajoutant des fonctionnalit\u00e9s compatibles avec les technologies d'assistance.<\/p>\r\nVeuillez nous contacter si vous rencontrez des probl\u00e8mes d'accessibilit\u00e9 lors de la navigation sur ce Site.\r\n\r\n<h3>1. \u00c9tat de conformit\u00e9<\/h3>\r\n\r\n<p>Ce Site est partiellement conforme au r\u00e9f\u00e9rentiel WCAG 2.1 Niveau AA. Partiellement conforme signifie que certaines fonctionnalit\u00e9s ou certaines parties du contenu ne respectent pas enti\u00e8rement la norme d'accessibilit\u00e9.<\/p>\r\n\r\n<h3>2. Plan pluriannuel de mise en accessibilit\u00e9 <\/h3>\r\n<p>Le plan d\u2019actions 2026 sont en cours de r\u00e9daction et seront publi\u00e9s prochainement.<\/p>\r\n\r\n\r\n<h3>3. Crit\u00e8res pris en compte pour \u00e9tablir la d\u00e9claration d\u2019accessibilit\u00e9  <\/h3>\r\n<p>[\u00e0 compl\u00e9ter]<\/p>\r\n<p>les efforts continus visant \u00e0 \u00e9liminer les obstacles \u00e0 l'accessibilit\u00e9 ;\r\nla collaboration avec un organisme externe sp\u00e9cialis\u00e9 dans l'accessibilit\u00e9 pour r\u00e9aliser des \u00e9valuations ; et<\/p>\r\n<p>la r\u00e9alisation r\u00e9guli\u00e8re de tests d'accessibilit\u00e9 et d'analyses de notre site.<\/p>\r\n\r\n<h3>4. Contenus non accessibles<\/h3>\r\n<p>La liste des contenus ci-dessous ne sont pas accessibles pour les raisons suivantes. Nous listons \u00e9galement les alternatives accessibles : <\/p>\r\n<ul>\r\n<li>Probl\u00e8mes li\u00e9s au contraste des couleurs<\/li>\r\n<li>Probl\u00e8mes li\u00e9s \u00e0 la taille des polices<\/li>\r\n<\/ul>\r\n\r\n\r\n<h3>5. Contenus non soumis \u00e0 l\u2019obligation d\u2019accessibilit\u00e9<\/h3>\r\n<p>[\u00e0 ajouter ou si pas concern\u00e9 mentionner \u00ab pas d\u2019exemption identifi\u00e9 \u00bb]<\/p>\r\n\r\n<h3>6. Contact pour support et retours<\/h3>\r\n<p>Si vous avez des difficult\u00e9s \u00e0 visualiser ou \u00e0 naviguer dans le contenu de ce Site, ou si vous remarquez une fonctionnalit\u00e9 ou un contenu que vous pensez ne pas \u00eatre enti\u00e8rement accessible, veuillez nous contacter <a href=\"mailto:contact@zigzag.dog\">contact@zigzag.dog<\/a>\r\n<\/p>\r\n<\/div>\t\t\t\t<\/div>\n\t\t\t\t<\/div>\n\t\t\t\t\t<\/div>\n\t\t<\/div>\n\t\t\t\t\t<\/div>\n\t\t<\/section>\n\t\t\t\t<section class=\"elementor-section elementor-top-section elementor-element elementor-element-3063fc2 elementor-section-boxed elementor-section-height-default elementor-section-height-default\" data-id=\"3063fc2\" data-element_type=\"section\" data-e-type=\"section\" data-settings=\"{&quot;background_background&quot;:&quot;classic&quot;}\">\n\t\t\t\t\t\t<div class=\"elementor-container elementor-column-gap-default\">\n\t\t\t\t\t<div class=\"elementor-column elementor-col-100 elementor-top-column elementor-element elementor-element-c55f520\" data-id=\"c55f520\" data-element_type=\"column\" data-e-type=\"column\">\n\t\t\t<div class=\"elementor-widget-wrap elementor-element-populated\">\n\t\t\t\t\t\t<div class=\"elementor-element elementor-element-8852af5 elementor-widget elementor-widget-image\" data-id=\"8852af5\" data-element_type=\"widget\" data-e-type=\"widget\" data-widget_type=\"image.default\">\n\t\t\t\t<div class=\"elementor-widget-container\">\n\t\t\t\t\t\t\t\t\t\t\t\t\t\t\t<img fetchpriority=\"high\" decoding=\"async\" width=\"834\" height=\"1024\" src=\"https:\/\/zigzag.dog\/wp-content\/uploads\/NewAppScreensDesktopFr.png\" class=\"attachment-large size-large wp-image-32880\" alt=\"Zigzag App\" srcset=\"https:\/\/zigzag.dog\/wp-content\/uploads\/NewAppScreensDesktopFr.png 834w, https:\/\/zigzag.dog\/wp-content\/uploads\/NewAppScreensDesktopFr-244x300.png 244w, https:\/\/zigzag.dog\/wp-content\/uploads\/NewAppScreensDesktopFr-768x943.png 768w\" sizes=\"(max-width: 834px) 100vw, 834px\" \/>\t\t\t\t\t\t\t\t\t\t\t\t\t\t\t<\/div>\n\t\t\t\t<\/div>\n\t\t\t\t<div class=\"elementor-element elementor-element-ccd81a7 elementor-widget elementor-widget-heading\" data-id=\"ccd81a7\" data-element_type=\"widget\" data-e-type=\"widget\" data-widget_type=\"heading.default\">\n\t\t\t\t<div class=\"elementor-widget-container\">\n\t\t\t\t\t<h3 class=\"elementor-heading-title elementor-size-default\">L'application n\u00b0 1 d\u00e9di\u00e9e au dressage des chiots<\/h3>\t\t\t\t<\/div>\n\t\t\t\t<\/div>\n\t\t\t\t<div class=\"elementor-element elementor-element-1271259 elementor-widget elementor-widget-text-editor\" data-id=\"1271259\" data-element_type=\"widget\" data-e-type=\"widget\" data-widget_type=\"text-editor.default\">\n\t\t\t\t<div class=\"elementor-widget-container\">\n\t\t\t\t\t\t\t\t\t<p>T\u00e9l\u00e9chargez l\u2019application d\u00e8s aujourd&rsquo;hui<\/p>\t\t\t\t\t\t\t\t<\/div>\n\t\t\t\t<\/div>\n\t\t\t\t<section class=\"elementor-section elementor-inner-section elementor-element elementor-element-066a863 elementor-hidden-tablet elementor-hidden-mobile elementor-section-boxed elementor-section-height-default elementor-section-height-default\" data-id=\"066a863\" data-element_type=\"section\" data-e-type=\"section\">\n\t\t\t\t\t\t<div class=\"elementor-container elementor-column-gap-narrow\">\n\t\t\t\t\t<div class=\"elementor-column elementor-col-100 elementor-inner-column elementor-element elementor-element-3f7dbfc\" data-id=\"3f7dbfc\" data-element_type=\"column\" data-e-type=\"column\">\n\t\t\t<div class=\"elementor-widget-wrap elementor-element-populated\">\n\t\t\t\t\t\t<div class=\"elementor-element elementor-element-9e082a4 elementor-widget-laptop__width-initial elementor-widget elementor-widget-image\" data-id=\"9e082a4\" data-element_type=\"widget\" data-e-type=\"widget\" data-widget_type=\"image.default\">\n\t\t\t\t<div class=\"elementor-widget-container\">\n\t\t\t\t\t\t\t\t\t\t\t\t\t\t\t<img decoding=\"async\" width=\"1024\" height=\"1024\" src=\"https:\/\/zigzag.dog\/wp-content\/uploads\/FrenchQR.png\" class=\"attachment-large size-large wp-image-32323\" alt=\"T\u00e9l\u00e9chargez l\u2019application d\u00e8s aujourd&#039;hui\" srcset=\"https:\/\/zigzag.dog\/wp-content\/uploads\/FrenchQR.png 1024w, https:\/\/zigzag.dog\/wp-content\/uploads\/FrenchQR-300x300.png 300w, https:\/\/zigzag.dog\/wp-content\/uploads\/FrenchQR-150x150.png 150w, https:\/\/zigzag.dog\/wp-content\/uploads\/FrenchQR-768x768.png 768w\" sizes=\"(max-width: 1024px) 100vw, 1024px\" \/>\t\t\t\t\t\t\t\t\t\t\t\t\t\t\t<\/div>\n\t\t\t\t<\/div>\n\t\t\t\t\t<\/div>\n\t\t<\/div>\n\t\t\t\t\t<\/div>\n\t\t<\/section>\n\t\t\t\t<section class=\"elementor-section elementor-inner-section elementor-element elementor-element-384f3a5 elementor-hidden-desktop elementor-hidden-laptop elementor-section-boxed elementor-section-height-default elementor-section-height-default\" data-id=\"384f3a5\" data-element_type=\"section\" data-e-type=\"section\">\n\t\t\t\t\t\t<div class=\"elementor-container elementor-column-gap-narrow\">\n\t\t\t\t\t<div class=\"elementor-column elementor-col-50 elementor-inner-column elementor-element elementor-element-0617ad4\" data-id=\"0617ad4\" data-element_type=\"column\" data-e-type=\"column\">\n\t\t\t<div class=\"elementor-widget-wrap elementor-element-populated\">\n\t\t\t\t\t\t<div class=\"elementor-element elementor-element-a5871c4 rivingtonmediatrack elementor-widget elementor-widget-image\" data-id=\"a5871c4\" data-element_type=\"widget\" data-e-type=\"widget\" data-widget_type=\"image.default\">\n\t\t\t\t<div class=\"elementor-widget-container\">\n\t\t\t\t\t\t\t\t\t\t\t\t\t\t\t\t<a aria-label=\"Read: Declaration D&rsquo;Accessibilite\"  href=\"https:\/\/app.adjust.com\/1yq86ufy\">\n\t\t\t\t\t\t\t<img decoding=\"async\" width=\"168\" height=\"63\" src=\"https:\/\/zigzag.dog\/wp-content\/uploads\/Telecharger-dans-lapp-store.png\" class=\"attachment-large size-large wp-image-32320\" alt=\"Telecharger dans l&#039;app store\" \/>\t\t\t\t\t\t\t\t<\/a>\n\t\t\t\t\t\t\t\t\t\t\t\t\t\t\t<\/div>\n\t\t\t\t<\/div>\n\t\t\t\t\t<\/div>\n\t\t<\/div>\n\t\t\t\t<div class=\"elementor-column elementor-col-50 elementor-inner-column elementor-element elementor-element-befe7fb\" data-id=\"befe7fb\" data-element_type=\"column\" data-e-type=\"column\">\n\t\t\t<div class=\"elementor-widget-wrap elementor-element-populated\">\n\t\t\t\t\t\t<div class=\"elementor-element elementor-element-79dba3a rivingtonmediatrack elementor-widget elementor-widget-image\" data-id=\"79dba3a\" data-element_type=\"widget\" data-e-type=\"widget\" data-widget_type=\"image.default\">\n\t\t\t\t<div class=\"elementor-widget-container\">\n\t\t\t\t\t\t\t\t\t\t\t\t\t\t\t\t<a aria-label=\"Read: Declaration D&rsquo;Accessibilite\"  href=\"https:\/\/app.adjust.com\/1yq86ufy\">\n\t\t\t\t\t\t\t<img loading=\"lazy\" decoding=\"async\" width=\"164\" height=\"63\" src=\"https:\/\/zigzag.dog\/wp-content\/uploads\/Disponible-sure-Google-Play.png\" class=\"attachment-medium size-medium wp-image-32317\" alt=\"Disponible sure Google Play\" \/>\t\t\t\t\t\t\t\t<\/a>\n\t\t\t\t\t\t\t\t\t\t\t\t\t\t\t<\/div>\n\t\t\t\t<\/div>\n\t\t\t\t\t<\/div>\n\t\t<\/div>\n\t\t\t\t\t<\/div>\n\t\t<\/section>\n\t\t\t\t\t<\/div>\n\t\t<\/div>\n\t\t\t\t\t<\/div>\n\t\t<\/section>\n\t\t\t\t<\/div>\n\t\t","protected":false},"excerpt":{"rendered":"<p>D\u00e9claration d&rsquo;accessibilit\u00e9 du sitewww.zigzag.dog\/fr (ci-apr\u00e8s le \u00ab Site \u00bb) L&rsquo;application n\u00b0 1 d\u00e9di\u00e9e au dressage des chiots T\u00e9l\u00e9chargez l\u2019application d\u00e8s aujourd&rsquo;hui<\/p>\n","protected":false},"author":4,"featured_media":0,"parent":0,"menu_order":0,"comment_status":"closed","ping_status":"closed","template":"","meta":{"_acf_changed":false,"inline_featured_image":false,"footnotes":""},"class_list":["post-32496","page","type-page","status-publish"],"acf":[],"yoast_head":"<!-- This site is optimized with the Yoast SEO plugin v27.1.1 - https:\/\/yoast.com\/product\/yoast-seo-wordpress\/ -->\n<title>Declaration D&#039;Accessibilite &#8212; Zigzag Puppy Training App<\/title>\n<meta name=\"robots\" content=\"index, follow, max-snippet:-1, max-image-preview:large, max-video-preview:-1\" \/>\n<link rel=\"canonical\" href=\"https:\/\/zigzag.dog\/fr\/declaration-d-accessibilite\/\" \/>\n<meta property=\"og:locale\" content=\"fr_FR\" \/>\n<meta property=\"og:type\" content=\"article\" \/>\n<meta property=\"og:title\" content=\"Declaration D&#039;Accessibilite &#8212; Zigzag Puppy Training App\" \/>\n<meta property=\"og:description\" content=\"D\u00e9claration d&rsquo;accessibilit\u00e9 du sitewww.zigzag.dog\/fr (ci-apr\u00e8s le \u00ab Site \u00bb) L&rsquo;application n\u00b0 1 d\u00e9di\u00e9e au dressage des chiots T\u00e9l\u00e9chargez l\u2019application d\u00e8s aujourd&rsquo;hui\" \/>\n<meta property=\"og:url\" content=\"https:\/\/zigzag.dog\/fr\/declaration-d-accessibilite\/\" \/>\n<meta property=\"og:site_name\" content=\"Zigzag Puppy Training App\" \/>\n<meta property=\"article:publisher\" content=\"https:\/\/www.facebook.com\/zigzag.dogs\/\" \/>\n<meta property=\"article:modified_time\" content=\"2026-04-27T09:55:48+00:00\" \/>\n<meta property=\"og:image\" content=\"https:\/\/zigzag.dog\/wp-content\/uploads\/NewAppScreensDesktopFr.png\" \/>\n<meta name=\"twitter:card\" content=\"summary_large_image\" \/>\n<meta name=\"twitter:site\" content=\"@zigzag_puppy\" \/>\n<script type=\"application\/ld+json\" class=\"yoast-schema-graph\">{\"@context\":\"https:\/\/schema.org\",\"@graph\":[{\"@type\":\"WebPage\",\"@id\":\"https:\/\/zigzag.dog\/fr\/declaration-d-accessibilite\/\",\"url\":\"https:\/\/zigzag.dog\/fr\/declaration-d-accessibilite\/\",\"name\":\"Declaration D'Accessibilite &#8212; Zigzag Puppy Training App\",\"isPartOf\":{\"@id\":\"https:\/\/zigzag.dog\/fr\/#website\"},\"primaryImageOfPage\":{\"@id\":\"https:\/\/zigzag.dog\/fr\/declaration-d-accessibilite\/#primaryimage\"},\"image\":{\"@id\":\"https:\/\/zigzag.dog\/fr\/declaration-d-accessibilite\/#primaryimage\"},\"thumbnailUrl\":\"https:\/\/zigzag.dog\/wp-content\/uploads\/NewAppScreensDesktopFr.png\",\"datePublished\":\"2026-03-25T17:08:46+00:00\",\"dateModified\":\"2026-04-27T09:55:48+00:00\",\"breadcrumb\":{\"@id\":\"https:\/\/zigzag.dog\/fr\/declaration-d-accessibilite\/#breadcrumb\"},\"inLanguage\":\"fr-FR\",\"potentialAction\":[{\"@type\":\"ReadAction\",\"target\":[\"https:\/\/zigzag.dog\/fr\/declaration-d-accessibilite\/\"]}]},{\"@type\":\"ImageObject\",\"inLanguage\":\"fr-FR\",\"@id\":\"https:\/\/zigzag.dog\/fr\/declaration-d-accessibilite\/#primaryimage\",\"url\":\"https:\/\/zigzag.dog\/wp-content\/uploads\/NewAppScreensDesktopFr.png\",\"contentUrl\":\"https:\/\/zigzag.dog\/wp-content\/uploads\/NewAppScreensDesktopFr.png\"},{\"@type\":\"BreadcrumbList\",\"@id\":\"https:\/\/zigzag.dog\/fr\/declaration-d-accessibilite\/#breadcrumb\",\"itemListElement\":[{\"@type\":\"ListItem\",\"position\":1,\"name\":\"Home\",\"item\":\"https:\/\/zigzag.dog\/fr\/2024-homepage\/\"},{\"@type\":\"ListItem\",\"position\":2,\"name\":\"Declaration D&rsquo;Accessibilite\"}]},{\"@type\":\"WebSite\",\"@id\":\"https:\/\/zigzag.dog\/fr\/#website\",\"url\":\"https:\/\/zigzag.dog\/fr\/\",\"name\":\"Zigzag Puppy Training App\",\"description\":\"Puppy Training App\",\"publisher\":{\"@id\":\"https:\/\/zigzag.dog\/fr\/#organization\"},\"potentialAction\":[{\"@type\":\"SearchAction\",\"target\":{\"@type\":\"EntryPoint\",\"urlTemplate\":\"https:\/\/zigzag.dog\/fr\/?s={search_term_string}\"},\"query-input\":{\"@type\":\"PropertyValueSpecification\",\"valueRequired\":true,\"valueName\":\"search_term_string\"}}],\"inLanguage\":\"fr-FR\"},{\"@type\":\"Organization\",\"@id\":\"https:\/\/zigzag.dog\/fr\/#organization\",\"name\":\"Zigzag - Puppy Training App\",\"url\":\"https:\/\/zigzag.dog\/fr\/\",\"logo\":{\"@type\":\"ImageObject\",\"inLanguage\":\"fr-FR\",\"@id\":\"https:\/\/zigzag.dog\/fr\/#\/schema\/logo\/image\/\",\"url\":\"https:\/\/zigzag.dog\/wp-content\/uploads\/2021\/01\/Logo_Color.svg\",\"contentUrl\":\"https:\/\/zigzag.dog\/wp-content\/uploads\/2021\/01\/Logo_Color.svg\",\"width\":\"1024\",\"height\":\"1024\",\"caption\":\"Zigzag - Puppy Training App\"},\"image\":{\"@id\":\"https:\/\/zigzag.dog\/fr\/#\/schema\/logo\/image\/\"},\"sameAs\":[\"https:\/\/www.facebook.com\/zigzag.dogs\/\",\"https:\/\/x.com\/zigzag_puppy\",\"https:\/\/www.instagram.com\/zigzag.dog\/\",\"https:\/\/www.linkedin.com\/company\/zigzag-dog\/\",\"https:\/\/www.pinterest.co.uk\/zigzag_dog\/\"]}]}<\/script>\n<!-- \/ Yoast SEO plugin. -->","yoast_head_json":{"title":"Declaration D'Accessibilite &#8212; Zigzag Puppy Training App","robots":{"index":"index","follow":"follow","max-snippet":"max-snippet:-1","max-image-preview":"max-image-preview:large","max-video-preview":"max-video-preview:-1"},"canonical":"https:\/\/zigzag.dog\/fr\/declaration-d-accessibilite\/","og_locale":"fr_FR","og_type":"article","og_title":"Declaration D'Accessibilite &#8212; Zigzag Puppy Training App","og_description":"D\u00e9claration d&rsquo;accessibilit\u00e9 du sitewww.zigzag.dog\/fr (ci-apr\u00e8s le \u00ab Site \u00bb) L&rsquo;application n\u00b0 1 d\u00e9di\u00e9e au dressage des chiots T\u00e9l\u00e9chargez l\u2019application d\u00e8s aujourd&rsquo;hui","og_url":"https:\/\/zigzag.dog\/fr\/declaration-d-accessibilite\/","og_site_name":"Zigzag Puppy Training App","article_publisher":"https:\/\/www.facebook.com\/zigzag.dogs\/","article_modified_time":"2026-04-27T09:55:48+00:00","og_image":[{"url":"https:\/\/zigzag.dog\/wp-content\/uploads\/NewAppScreensDesktopFr.png","type":"","width":"","height":""}],"twitter_card":"summary_large_image","twitter_site":"@zigzag_puppy","schema":{"@context":"https:\/\/schema.org","@graph":[{"@type":"WebPage","@id":"https:\/\/zigzag.dog\/fr\/declaration-d-accessibilite\/","url":"https:\/\/zigzag.dog\/fr\/declaration-d-accessibilite\/","name":"Declaration D'Accessibilite &#8212; Zigzag Puppy Training App","isPartOf":{"@id":"https:\/\/zigzag.dog\/fr\/#website"},"primaryImageOfPage":{"@id":"https:\/\/zigzag.dog\/fr\/declaration-d-accessibilite\/#primaryimage"},"image":{"@id":"https:\/\/zigzag.dog\/fr\/declaration-d-accessibilite\/#primaryimage"},"thumbnailUrl":"https:\/\/zigzag.dog\/wp-content\/uploads\/NewAppScreensDesktopFr.png","datePublished":"2026-03-25T17:08:46+00:00","dateModified":"2026-04-27T09:55:48+00:00","breadcrumb":{"@id":"https:\/\/zigzag.dog\/fr\/declaration-d-accessibilite\/#breadcrumb"},"inLanguage":"fr-FR","potentialAction":[{"@type":"ReadAction","target":["https:\/\/zigzag.dog\/fr\/declaration-d-accessibilite\/"]}]},{"@type":"ImageObject","inLanguage":"fr-FR","@id":"https:\/\/zigzag.dog\/fr\/declaration-d-accessibilite\/#primaryimage","url":"https:\/\/zigzag.dog\/wp-content\/uploads\/NewAppScreensDesktopFr.png","contentUrl":"https:\/\/zigzag.dog\/wp-content\/uploads\/NewAppScreensDesktopFr.png"},{"@type":"BreadcrumbList","@id":"https:\/\/zigzag.dog\/fr\/declaration-d-accessibilite\/#breadcrumb","itemListElement":[{"@type":"ListItem","position":1,"name":"Home","item":"https:\/\/zigzag.dog\/fr\/2024-homepage\/"},{"@type":"ListItem","position":2,"name":"Declaration D&rsquo;Accessibilite"}]},{"@type":"WebSite","@id":"https:\/\/zigzag.dog\/fr\/#website","url":"https:\/\/zigzag.dog\/fr\/","name":"Zigzag Puppy Training App","description":"Puppy Training App","publisher":{"@id":"https:\/\/zigzag.dog\/fr\/#organization"},"potentialAction":[{"@type":"SearchAction","target":{"@type":"EntryPoint","urlTemplate":"https:\/\/zigzag.dog\/fr\/?s={search_term_string}"},"query-input":{"@type":"PropertyValueSpecification","valueRequired":true,"valueName":"search_term_string"}}],"inLanguage":"fr-FR"},{"@type":"Organization","@id":"https:\/\/zigzag.dog\/fr\/#organization","name":"Zigzag - Puppy Training App","url":"https:\/\/zigzag.dog\/fr\/","logo":{"@type":"ImageObject","inLanguage":"fr-FR","@id":"https:\/\/zigzag.dog\/fr\/#\/schema\/logo\/image\/","url":"https:\/\/zigzag.dog\/wp-content\/uploads\/2021\/01\/Logo_Color.svg","contentUrl":"https:\/\/zigzag.dog\/wp-content\/uploads\/2021\/01\/Logo_Color.svg","width":"1024","height":"1024","caption":"Zigzag - Puppy Training App"},"image":{"@id":"https:\/\/zigzag.dog\/fr\/#\/schema\/logo\/image\/"},"sameAs":["https:\/\/www.facebook.com\/zigzag.dogs\/","https:\/\/x.com\/zigzag_puppy","https:\/\/www.instagram.com\/zigzag.dog\/","https:\/\/www.linkedin.com\/company\/zigzag-dog\/","https:\/\/www.pinterest.co.uk\/zigzag_dog\/"]}]}},"_links":{"self":[{"href":"https:\/\/zigzag.dog\/fr\/wp-json\/wp\/v2\/pages\/32496","targetHints":{"allow":["GET"]}}],"collection":[{"href":"https:\/\/zigzag.dog\/fr\/wp-json\/wp\/v2\/pages"}],"about":[{"href":"https:\/\/zigzag.dog\/fr\/wp-json\/wp\/v2\/types\/page"}],"author":[{"embeddable":true,"href":"https:\/\/zigzag.dog\/fr\/wp-json\/wp\/v2\/users\/4"}],"replies":[{"embeddable":true,"href":"https:\/\/zigzag.dog\/fr\/wp-json\/wp\/v2\/comments?post=32496"}],"version-history":[{"count":22,"href":"https:\/\/zigzag.dog\/fr\/wp-json\/wp\/v2\/pages\/32496\/revisions"}],"predecessor-version":[{"id":32898,"href":"https:\/\/zigzag.dog\/fr\/wp-json\/wp\/v2\/pages\/32496\/revisions\/32898"}],"wp:attachment":[{"href":"https:\/\/zigzag.dog\/fr\/wp-json\/wp\/v2\/media?parent=32496"}],"curies":[{"name":"wp","href":"https:\/\/api.w.org\/{rel}","templated":true}]}}